{"id":11,"date":"2025-03-01T20:43:34","date_gmt":"2025-03-01T20:43:34","guid":{"rendered":"https:\/\/www.2ra.pt\/?page_id=11"},"modified":"2025-07-18T11:37:02","modified_gmt":"2025-07-18T11:37:02","slug":"inicio","status":"publish","type":"page","link":"https:\/\/www.2ra.pt\/en\/","title":{"rendered":"Home"},"content":{"rendered":"<div class=\"wpb-content-wrapper\"><section data-vc-full-width=\"true\" data-vc-full-width-temp=\"true\" data-vc-full-width-init=\"false\" data-vc-stretch-content=\"true\" class=\"vc_section vc_custom_1747337799961 vc_section-has-fill\"><div class=\"vc_row wpb_row vc_row-fluid vc_custom_1746910199349 vc_row-has-fill\"><div class=\"wpb_column vc_column_container vc_col-sm-12 vc_col-has-fill\"><div class=\"vc_column-inner vc_custom_1745762301534\"><div class=\"wpb_wrapper\"><div class=\"vc_empty_space\"   style=\"height: 13px\"><span class=\"vc_empty_space_inner\"><\/span><\/div><\/div><\/div><\/div><\/div><\/section><div class=\"vc_row-full-width vc_clearfix\"><\/div><section class=\"vc_section vc_custom_1745762352494\"><div class=\"vc_row wpb_row vc_row-fluid\"><div class=\"wpb_column vc_column_container vc_col-sm-12\"><div class=\"vc_column-inner\"><div class=\"wpb_wrapper\"><div class=\"vc_empty_space\"   style=\"height: 32px\"><span class=\"vc_empty_space_inner\"><\/span><\/div><\/div><\/div><\/div><\/div><div class=\"vc_row wpb_row vc_row-fluid\"><div class=\"wpb_column vc_column_container vc_col-sm-12\"><div class=\"vc_column-inner\"><div class=\"wpb_wrapper\"><h2 style=\"color: #BF9B30;text-align: left\" class=\"vc_custom_heading vc_do_custom_heading\" >Your home, tailor-made. From project to turnkey construction.<\/h2><div class=\"vc_row wpb_row vc_inner vc_row-fluid\"><div class=\"wpb_column vc_column_container vc_col-sm-6\"><div class=\"vc_column-inner\"><div class=\"wpb_wrapper\">\n\t<div class=\"wpb_text_column wpb_content_element\" >\n\t\t<div class=\"wpb_wrapper\">\n\t\t\t<p data-start=\"259\" data-end=\"620\">At 2RA, we make the dream of living in a home designed just for you come true. We specialize in turning plots of land into personalized homes, combining intelligent design, top-quality engineering, and meticulous project management. Every house we build is crafted to reflect the identity and lifestyle of those who will live in it.<\/p>\n<p data-start=\"622\" data-end=\"1029\">As a real estate agency based in Santa Maria da Feira, we offer a fully integrated service, guiding clients through every stage \u2013 from land acquisition and architectural design to licensing, construction, and final handover. We work with a multidisciplinary team that ensures quality, transparency, and strict adherence to deadlines.<\/p>\n\n\t\t<\/div>\n\t<\/div>\n<\/div><\/div><\/div><div class=\"wpb_column vc_column_container vc_col-sm-6\"><div class=\"vc_column-inner\"><div class=\"wpb_wrapper\">\n\t<div class=\"wpb_text_column wpb_content_element\" >\n\t\t<div class=\"wpb_wrapper\">\n\t\t\t<p data-start=\"1031\" data-end=\"1281\">At 2RA, we believe building a house should be a smooth, safe, and exciting experience. That\u2019s why we put the client at the heart of everything we do, promoting a close relationship based on trust and professionalism.<\/p>\n<p data-start=\"1283\" data-end=\"1491\">If you\u2019re looking for a complete solution to build your dream home in Santa Maria da Feira or nearby, talk to us. Your vision, combined with our expertise, is the foundation of a solid future.<\/p>\n\n\t\t<\/div>\n\t<\/div>\n<\/div><\/div><\/div><\/div><\/div><\/div><\/div><\/div><\/section>\n<\/div>","protected":false},"excerpt":{"rendered":"A sua casa, \u00e0 sua medida. Do projeto \u00e0 constru\u00e7\u00e3o chave na m\u00e3o. Na 2RA, tornamos realidade o sonho de viver numa casa feita \u00e0 sua medida. Somos especialistas em transformar terrenos em moradias personalizadas, aliando design inteligente, engenharia de excel\u00eancia e uma gest\u00e3o de projeto cuidada. Cada habita\u00e7\u00e3o que constru\u00edmos \u00e9 pensada para refletir [...]","protected":false},"author":1,"featured_media":0,"parent":0,"menu_order":0,"comment_status":"closed","ping_status":"closed","template":"","meta":{"footnotes":""},"class_list":["post-11","page","type-page","status-publish","hentry"],"_links":{"self":[{"href":"https:\/\/www.2ra.pt\/en\/wp-json\/wp\/v2\/pages\/11","targetHints":{"allow":["GET"]}}],"collection":[{"href":"https:\/\/www.2ra.pt\/en\/wp-json\/wp\/v2\/pages"}],"about":[{"href":"https:\/\/www.2ra.pt\/en\/wp-json\/wp\/v2\/types\/page"}],"author":[{"embeddable":true,"href":"https:\/\/www.2ra.pt\/en\/wp-json\/wp\/v2\/users\/1"}],"replies":[{"embeddable":true,"href":"https:\/\/www.2ra.pt\/en\/wp-json\/wp\/v2\/comments?post=11"}],"version-history":[{"count":38,"href":"https:\/\/www.2ra.pt\/en\/wp-json\/wp\/v2\/pages\/11\/revisions"}],"predecessor-version":[{"id":1212,"href":"https:\/\/www.2ra.pt\/en\/wp-json\/wp\/v2\/pages\/11\/revisions\/1212"}],"wp:attachment":[{"href":"https:\/\/www.2ra.pt\/en\/wp-json\/wp\/v2\/media?parent=11"}],"curies":[{"name":"wp","href":"https:\/\/api.w.org\/{rel}","templated":true}]}}