{"id":988,"date":"2025-05-07T20:30:58","date_gmt":"2025-05-07T20:30:58","guid":{"rendered":"https:\/\/www.2ra.pt\/?page_id=988"},"modified":"2025-07-18T11:50:00","modified_gmt":"2025-07-18T11:50:00","slug":"chave-na-mao","status":"publish","type":"page","link":"https:\/\/www.2ra.pt\/en\/chave-na-mao\/","title":{"rendered":"Turnkey Solutions"},"content":{"rendered":"<div class=\"wpb-content-wrapper\"><section data-vc-full-width=\"true\" data-vc-full-width-temp=\"true\" data-vc-full-width-init=\"false\" data-vc-stretch-content=\"true\" class=\"vc_section\"><div class=\"vc_row wpb_row vc_row-fluid\"><div class=\"wpb_column vc_column_container vc_col-sm-12\"><div class=\"vc_column-inner\"><div class=\"wpb_wrapper\"><div class=\"vc_empty_space\"   style=\"height: 13px\"><span class=\"vc_empty_space_inner\"><\/span><\/div><\/div><\/div><\/div><\/div><div class=\"vc_row wpb_row vc_row-fluid\"><div class=\"wpb_column vc_column_container vc_col-sm-12\"><div class=\"vc_column-inner\"><div class=\"wpb_wrapper\"><div class=\"vc_empty_space\"   style=\"height: 32px\"><span class=\"vc_empty_space_inner\"><\/span><\/div><\/div><\/div><\/div><\/div><\/section><div class=\"vc_row-full-width vc_clearfix\"><\/div><section class=\"vc_section\"><div class=\"vc_row wpb_row vc_row-fluid\"><div class=\"wpb_column vc_column_container vc_col-sm-12\"><div class=\"vc_column-inner\"><div class=\"wpb_wrapper\"><h2 style=\"color: #BF9B30;text-align: left\" class=\"vc_custom_heading vc_do_custom_heading\" >Turnkey construction: from land to finished home, with confidence.<\/h2>\n\t<div class=\"wpb_text_column wpb_content_element\" >\n\t\t<div class=\"wpb_wrapper\">\n\t\t\t\n\t\t<\/div>\n\t<\/div>\n<div class=\"vc_row wpb_row vc_inner vc_row-fluid\"><div class=\"wpb_column vc_column_container vc_col-sm-6\"><div class=\"vc_column-inner\"><div class=\"wpb_wrapper\">\n\t<div class=\"wpb_text_column wpb_content_element\" >\n\t\t<div class=\"wpb_wrapper\">\n\t\t\t<p data-start=\"326\" data-end=\"550\">At 2RA, your home is envisioned by trusted professionals and built with quality, transparency, and commitment. We bring your vision to life with attention to detail and total dedication at every stage of the process.<\/p>\n<p data-start=\"552\" data-end=\"902\">We understand that building a house from scratch can be complex, time-consuming, and full of unexpected challenges. That\u2019s why we\u2019ve created a comprehensive turnkey service, designed to simplify the entire journey \u2013 from land acquisition and architectural design, to permitting, construction, and final handover.<\/p>\n\n\t\t<\/div>\n\t<\/div>\n\n\t<div class=\"wpb_text_column wpb_content_element\" >\n\t\t<div class=\"wpb_wrapper\">\n\t\t\t<p style=\"text-align: justify;\">Building a house from scratch can be a time-consuming, demanding process full of unexpected challenges. With that in mind, we developed a complete turnkey service that supports you from the purchase of the land, architectural design, and legal approvals, all the way through to final delivery.<\/p>\n\n\t\t<\/div>\n\t<\/div>\n<\/div><\/div><\/div><div class=\"wpb_column vc_column_container vc_col-sm-6\"><div class=\"vc_column-inner\"><div class=\"wpb_wrapper\">\n\t<div class=\"wpb_text_column wpb_content_element\" >\n\t\t<div class=\"wpb_wrapper\">\n\t\t\t<p data-start=\"904\" data-end=\"1180\">At 2RA, we value personalization. Every project is unique and tailored to the tastes and needs of those who will live in it. If you\u2019re looking for a home designed just for you, we provide fully customized solutions \u2013 from the floor plan to the smallest finishing detail.<\/p>\n<p data-start=\"1182\" data-end=\"1518\">We work with highly skilled teams and solid partnerships that ensure the technical precision and excellence we stand for. In particular, we highlight our collaboration with Around Glamour \u2013 a construction company with over 20 years of experience in France and Portugal, known for its reliability and outstanding workmanship.<\/p>\n<p data-start=\"1520\" data-end=\"1705\">If you\u2019re looking for a personalized home construction service in Santa Maria da Feira or nearby, get in touch. At 2RA, we turn ideas into homes made for better living.<\/p>\n\n\t\t<\/div>\n\t<\/div>\n<\/div><\/div><\/div><\/div><\/div><\/div><\/div><\/div><\/section>\n<\/div>","protected":false},"excerpt":{"rendered":"Constru\u00e7\u00e3o chave na m\u00e3o: do terreno \u00e0 casa pronta, com confian\u00e7a. Na 2RA, a sua casa \u00e9 idealizada por profissionais de confian\u00e7a e constru\u00edda com qualidade, transpar\u00eancia e compromisso. Concretizamos a sua vis\u00e3o com aten\u00e7\u00e3o ao detalhe e total dedica\u00e7\u00e3o em cada fase do processo. Sabemos que construir uma casa de raiz pode ser um [...]","protected":false},"author":1,"featured_media":0,"parent":0,"menu_order":0,"comment_status":"closed","ping_status":"closed","template":"","meta":{"footnotes":""},"class_list":["post-988","page","type-page","status-publish","hentry"],"_links":{"self":[{"href":"https:\/\/www.2ra.pt\/en\/wp-json\/wp\/v2\/pages\/988","targetHints":{"allow":["GET"]}}],"collection":[{"href":"https:\/\/www.2ra.pt\/en\/wp-json\/wp\/v2\/pages"}],"about":[{"href":"https:\/\/www.2ra.pt\/en\/wp-json\/wp\/v2\/types\/page"}],"author":[{"embeddable":true,"href":"https:\/\/www.2ra.pt\/en\/wp-json\/wp\/v2\/users\/1"}],"replies":[{"embeddable":true,"href":"https:\/\/www.2ra.pt\/en\/wp-json\/wp\/v2\/comments?post=988"}],"version-history":[{"count":15,"href":"https:\/\/www.2ra.pt\/en\/wp-json\/wp\/v2\/pages\/988\/revisions"}],"predecessor-version":[{"id":1215,"href":"https:\/\/www.2ra.pt\/en\/wp-json\/wp\/v2\/pages\/988\/revisions\/1215"}],"wp:attachment":[{"href":"https:\/\/www.2ra.pt\/en\/wp-json\/wp\/v2\/media?parent=988"}],"curies":[{"name":"wp","href":"https:\/\/api.w.org\/{rel}","templated":true}]}}