{"id":11,"date":"2025-03-01T20:43:34","date_gmt":"2025-03-01T20:43:34","guid":{"rendered":"https:\/\/www.2ra.pt\/?page_id=11"},"modified":"2025-07-18T11:37:02","modified_gmt":"2025-07-18T11:37:02","slug":"inicio","status":"publish","type":"page","link":"https:\/\/www.2ra.pt\/fr\/","title":{"rendered":"Home"},"content":{"rendered":"<div class=\"wpb-content-wrapper\"><section data-vc-full-width=\"true\" data-vc-full-width-temp=\"true\" data-vc-full-width-init=\"false\" data-vc-stretch-content=\"true\" class=\"vc_section vc_custom_1747337799961 vc_section-has-fill\"><div class=\"vc_row wpb_row vc_row-fluid vc_custom_1746910199349 vc_row-has-fill\"><div class=\"wpb_column vc_column_container vc_col-sm-12 vc_col-has-fill\"><div class=\"vc_column-inner vc_custom_1745762301534\"><div class=\"wpb_wrapper\"><div class=\"vc_empty_space\"   style=\"height: 13px\"><span class=\"vc_empty_space_inner\"><\/span><\/div><\/div><\/div><\/div><\/div><\/section><div class=\"vc_row-full-width vc_clearfix\"><\/div><section class=\"vc_section vc_custom_1745762352494\"><div class=\"vc_row wpb_row vc_row-fluid\"><div class=\"wpb_column vc_column_container vc_col-sm-12\"><div class=\"vc_column-inner\"><div class=\"wpb_wrapper\"><div class=\"vc_empty_space\"   style=\"height: 32px\"><span class=\"vc_empty_space_inner\"><\/span><\/div><\/div><\/div><\/div><\/div><div class=\"vc_row wpb_row vc_row-fluid\"><div class=\"wpb_column vc_column_container vc_col-sm-12\"><div class=\"vc_column-inner\"><div class=\"wpb_wrapper\"><h2 style=\"color: #BF9B30;text-align: left\" class=\"vc_custom_heading vc_do_custom_heading\" >Votre maison, sur mesure. Du projet \u00e0 la construction cl\u00e9 en main.<\/h2><div class=\"vc_row wpb_row vc_inner vc_row-fluid\"><div class=\"wpb_column vc_column_container vc_col-sm-6\"><div class=\"vc_column-inner\"><div class=\"wpb_wrapper\">\n\t<div class=\"wpb_text_column wpb_content_element\" >\n\t\t<div class=\"wpb_wrapper\">\n\t\t\t<p data-start=\"259\" data-end=\"620\">Chez 2RA, nous r\u00e9alisons le r\u00eave de vivre dans une maison con\u00e7ue sur mesure. Sp\u00e9cialistes dans la transformation de terrains en maisons personnalis\u00e9es, nous allions design intelligent, ing\u00e9nierie d'excellence et gestion de projet rigoureuse. Chaque habitation que nous construisons est pens\u00e9e pour refl\u00e9ter l\u2019identit\u00e9 et le mode de vie de ses futurs habitants.<\/p>\n<p data-start=\"622\" data-end=\"1029\">En tant qu'agence immobili\u00e8re bas\u00e9e \u00e0 Santa Maria da Feira, nous offrons un service complet et int\u00e9gr\u00e9, accompagnant le client \u00e0 chaque \u00e9tape \u2013 de l'acquisition du terrain, au d\u00e9veloppement du projet architectural, en passant par les d\u00e9marches administratives, jusqu'\u00e0 la construction et la remise des cl\u00e9s. Nous travaillons avec une \u00e9quipe pluridisciplinaire qui garantit qualit\u00e9, transparence et respect strict des d\u00e9lais.<\/p>\n\n\t\t<\/div>\n\t<\/div>\n<\/div><\/div><\/div><div class=\"wpb_column vc_column_container vc_col-sm-6\"><div class=\"vc_column-inner\"><div class=\"wpb_wrapper\">\n\t<div class=\"wpb_text_column wpb_content_element\" >\n\t\t<div class=\"wpb_wrapper\">\n\t\t\t<p data-start=\"1031\" data-end=\"1281\">Chez 2RA, nous croyons que la construction d'une maison doit \u00eatre une exp\u00e9rience sereine, s\u00e9curis\u00e9e et enthousiasmante. C\u2019est pourquoi nous pla\u00e7ons le client au centre de tout ce que nous faisons, en favorisant une relation de proximit\u00e9, fond\u00e9e sur la confiance et le professionnalisme.<\/p>\n<p data-start=\"1283\" data-end=\"1491\">Si vous cherchez une solution compl\u00e8te pour construire votre maison de r\u00eave \u00e0 Santa Maria da Feira ou dans les environs, contactez-nous. Votre vision, alli\u00e9e \u00e0 notre exp\u00e9rience, est le point de d\u00e9part d\u2019un avenir solide.<\/p>\n\n\t\t<\/div>\n\t<\/div>\n<\/div><\/div><\/div><\/div><\/div><\/div><\/div><\/div><\/section>\n<\/div>","protected":false},"excerpt":{"rendered":"A sua casa, \u00e0 sua medida. Do projeto \u00e0 constru\u00e7\u00e3o chave na m\u00e3o. Na 2RA, tornamos realidade o sonho de viver numa casa feita \u00e0 sua medida. Somos especialistas em transformar terrenos em moradias personalizadas, aliando design inteligente, engenharia de excel\u00eancia e uma gest\u00e3o de projeto cuidada. Cada habita\u00e7\u00e3o que constru\u00edmos \u00e9 pensada para refletir [...]","protected":false},"author":1,"featured_media":0,"parent":0,"menu_order":0,"comment_status":"closed","ping_status":"closed","template":"","meta":{"footnotes":""},"class_list":["post-11","page","type-page","status-publish","hentry"],"_links":{"self":[{"href":"https:\/\/www.2ra.pt\/fr\/wp-json\/wp\/v2\/pages\/11","targetHints":{"allow":["GET"]}}],"collection":[{"href":"https:\/\/www.2ra.pt\/fr\/wp-json\/wp\/v2\/pages"}],"about":[{"href":"https:\/\/www.2ra.pt\/fr\/wp-json\/wp\/v2\/types\/page"}],"author":[{"embeddable":true,"href":"https:\/\/www.2ra.pt\/fr\/wp-json\/wp\/v2\/users\/1"}],"replies":[{"embeddable":true,"href":"https:\/\/www.2ra.pt\/fr\/wp-json\/wp\/v2\/comments?post=11"}],"version-history":[{"count":38,"href":"https:\/\/www.2ra.pt\/fr\/wp-json\/wp\/v2\/pages\/11\/revisions"}],"predecessor-version":[{"id":1212,"href":"https:\/\/www.2ra.pt\/fr\/wp-json\/wp\/v2\/pages\/11\/revisions\/1212"}],"wp:attachment":[{"href":"https:\/\/www.2ra.pt\/fr\/wp-json\/wp\/v2\/media?parent=11"}],"curies":[{"name":"wp","href":"https:\/\/api.w.org\/{rel}","templated":true}]}}