{"id":13,"date":"2025-03-01T20:43:54","date_gmt":"2025-03-01T20:43:54","guid":{"rendered":"https:\/\/www.2ra.pt\/?page_id=13"},"modified":"2025-07-08T09:34:06","modified_gmt":"2025-07-08T09:34:06","slug":"imoveis","status":"publish","type":"page","link":"https:\/\/www.2ra.pt\/fr\/imoveis\/","title":{"rendered":"Biens immobiliers"},"content":{"rendered":"<div class=\"wpb-content-wrapper\"><section data-vc-full-width=\"true\" data-vc-full-width-temp=\"true\" data-vc-full-width-init=\"false\" data-vc-stretch-content=\"true\" class=\"vc_section\"><div class=\"vc_row wpb_row vc_row-fluid\"><div class=\"wpb_column vc_column_container vc_col-sm-12\"><div class=\"vc_column-inner\"><div class=\"wpb_wrapper\"><div class=\"vc_empty_space\"   style=\"height: 13px\"><span class=\"vc_empty_space_inner\"><\/span><\/div><\/div><\/div><\/div><\/div><div class=\"vc_row wpb_row vc_row-fluid\"><div class=\"wpb_column vc_column_container vc_col-sm-12\"><div class=\"vc_column-inner\"><div class=\"wpb_wrapper\"><div class=\"vc_empty_space\"   style=\"height: 32px\"><span class=\"vc_empty_space_inner\"><\/span><\/div><\/div><\/div><\/div><\/div><\/section><div class=\"vc_row-full-width vc_clearfix\"><\/div><div class=\"vc_row wpb_row vc_row-fluid\"><div class=\"wpb_column vc_column_container vc_col-sm-12\"><div class=\"vc_column-inner\"><div class=\"wpb_wrapper\"><h4 style=\"color: #BF9B30;text-align: left\" class=\"vc_custom_heading vc_do_custom_heading\" >Moradias em Santa Maria da Feira em fase de constru\u00e7\u00e3o<\/h4><h4 style=\"color: #BF9B30;text-align: left\" class=\"vc_custom_heading vc_do_custom_heading\" >Reserve j\u00e1 a sua!<\/h4><div class=\"vc_empty_space\"   style=\"height: 25px\"><span class=\"vc_empty_space_inner\"><\/span><\/div><\/div><\/div><\/div><\/div><div class=\"vc_row wpb_row vc_row-fluid\"><div class=\"wpb_column vc_column_container vc_col-sm-12\"><div class=\"vc_column-inner\"><div class=\"wpb_wrapper\">\n<div class=\"vc_grid-container-wrapper vc_clearfix vc_grid-animation-fadeIn\">\n\t<div class=\"vc_grid-container vc_clearfix wpb_content_element vc_basic_grid\" data-initial-loading-animation=\"fadeIn\" data-vc-grid-settings=\"{&quot;page_id&quot;:13,&quot;style&quot;:&quot;all&quot;,&quot;action&quot;:&quot;vc_get_vc_grid_data&quot;,&quot;shortcode_id&quot;:&quot;1751967228047-dae4642c-763d-10&quot;,&quot;tag&quot;:&quot;vc_basic_grid&quot;}\" data-vc-request=\"https:\/\/www.2ra.pt\/wp-admin\/admin-ajax.php\" data-vc-post-id=\"13\" data-vc-public-nonce=\"f564fdc7b9\">\n\t\t<style data-type=\"vc_shortcodes-custom-css\">.vc_custom_1419240516480{background-color: #f9f9f9 !important;}<\/style><div class=\"vc_grid vc_row vc_grid-gutter-30px vc_pageable-wrapper vc_hook_hover\" data-vc-pageable-content=\"true\"><div class=\"vc_pageable-slide-wrapper vc_clearfix\" data-vc-grid-content=\"true\"><div class=\"vc_grid-item vc_clearfix vc_col-sm-6 vc_grid-item-zone-c-bottom\"><div class=\"vc_grid-item-mini vc_clearfix \"><div class=\"vc_gitem-animated-block\" ><div class=\"vc_gitem-zone vc_gitem-zone-a vc-gitem-zone-height-mode-auto vc-gitem-zone-height-mode-auto-1-1 vc_gitem-is-link\" style=\"background-image: url('https:\/\/www.2ra.pt\/wp-content\/uploads\/2025\/07\/CAM02-1024x576.jpg') !important;\"><a href=\"https:\/\/www.2ra.pt\/fr\/property\/moradia-mcr-ii\/\" title=\"Moradia MCR II\" class=\"vc_gitem-link vc-zone-link\" ><\/a><img decoding=\"async\" class=\"vc_gitem-zone-img\" src=\"https:\/\/www.2ra.pt\/wp-content\/uploads\/2025\/07\/CAM02-1024x576.jpg\" alt=\"Moradia MCR II\" loading=\"lazy\"><div class=\"vc_gitem-zone-mini\"><\/div><\/div><\/div><div class=\"vc_gitem-zone vc_gitem-zone-c vc_custom_1419240516480\"><div class=\"vc_gitem-zone-mini\"><div class=\"vc_gitem_row vc_row vc_gitem-row-position-top\"><div class=\"vc_col-sm-12 vc_gitem-col vc_gitem-col-align-\"><div class=\"vc_custom_heading vc_gitem-post-data vc_gitem-post-data-source-post_title\" ><h4 style=\"text-align: left\" >Moradia MCR II<\/h4><\/div><div class=\"vc_custom_heading vc_gitem-post-data vc_gitem-post-data-source-post_excerpt\" ><p style=\"text-align: left\" ><p>&nbsp; Esta moradia contempor\u00e2nea situada em zona calma de Santa Maria da Feira, est\u00e1 em fase de constru\u00e7\u00e3o \u2014 voc\u00ea ainda pode escolher materiais, acabamentos e decora\u00e7\u00e3o. Garanta uma moradia nova feita \u00e0 sua medida, com a confian\u00e7a t\u00e9cnica da 2RA e da construtora Around\u202fGlamour. Ao reservar agora, voc\u00ea recebe: Condi\u00e7\u00f5es preferenciais de personaliza\u00e7\u00e3o Acompanhamento [&hellip;]<\/p>\n<\/p><\/div><div class=\"vc_btn3-container vc_btn3-left\"><a class=\"vc_general vc_btn3 vc_btn3-size-md vc_btn3-shape-rounded vc_btn3-style-flat vc_btn3-color-juicy-pink\" a href=\"https:\/\/www.2ra.pt\/fr\/property\/moradia-mcr-ii\/\" class=\"vc_gitem-link vc_general vc_btn3 vc_general vc_btn3 vc_btn3-size-md vc_btn3-shape-rounded vc_btn3-style-flat vc_btn3-color-juicy-pink\" title=\"Lire plus\">Lire plus<\/a><\/div><\/div><\/div><\/div><\/div><\/div><div class=\"vc_clearfix\"><\/div><\/div><div class=\"vc_grid-item vc_clearfix vc_col-sm-6 vc_grid-item-zone-c-bottom\"><div class=\"vc_grid-item-mini vc_clearfix \"><div class=\"vc_gitem-animated-block\" ><div class=\"vc_gitem-zone vc_gitem-zone-a vc-gitem-zone-height-mode-auto vc-gitem-zone-height-mode-auto-1-1 vc_gitem-is-link\" style=\"background-image: url('https:\/\/www.2ra.pt\/wp-content\/uploads\/2025\/06\/1-1024x576.jpg') !important;\"><a href=\"https:\/\/www.2ra.pt\/fr\/property\/6-quintas-do-frade\/\" title=\"6 Quintas do Frade\" class=\"vc_gitem-link vc-zone-link\" ><\/a><img decoding=\"async\" class=\"vc_gitem-zone-img\" src=\"https:\/\/www.2ra.pt\/wp-content\/uploads\/2025\/06\/1-1024x576.jpg\" alt=\"6 Quintas do Frade\" loading=\"lazy\"><div class=\"vc_gitem-zone-mini\"><\/div><\/div><\/div><div class=\"vc_gitem-zone vc_gitem-zone-c vc_custom_1419240516480\"><div class=\"vc_gitem-zone-mini\"><div class=\"vc_gitem_row vc_row vc_gitem-row-position-top\"><div class=\"vc_col-sm-12 vc_gitem-col vc_gitem-col-align-\"><div class=\"vc_custom_heading vc_gitem-post-data vc_gitem-post-data-source-post_title\" ><h4 style=\"text-align: left\" >6 Quintas do Frade<\/h4><\/div><div class=\"vc_custom_heading vc_gitem-post-data vc_gitem-post-data-source-post_excerpt\" ><p style=\"text-align: left\" ><p>&nbsp; &nbsp; &nbsp; Exclusividade As moradias da Quintas do Frade integram um conjunto residencial de seis casas geminadas, projetadas num estilo contempor\u00e2neo e atemporal. Cada unidade destaca\u2011se pelos acabamentos sofisticados em tons claros (Light), tonalidades escuras e materiais de excel\u00eancia, com a garantia de qualidade 2RA e a solidez da constru\u00e7\u00e3o chave na m\u00e3o. Localiza\u00e7\u00e3o [&hellip;]<\/p>\n<\/p><\/div><div class=\"vc_btn3-container vc_btn3-left\"><a class=\"vc_general vc_btn3 vc_btn3-size-md vc_btn3-shape-rounded vc_btn3-style-flat vc_btn3-color-juicy-pink\" a href=\"https:\/\/www.2ra.pt\/fr\/property\/6-quintas-do-frade\/\" class=\"vc_gitem-link vc_general vc_btn3 vc_general vc_btn3 vc_btn3-size-md vc_btn3-shape-rounded vc_btn3-style-flat vc_btn3-color-juicy-pink\" title=\"Lire plus\">Lire plus<\/a><\/div><\/div><\/div><\/div><\/div><\/div><div class=\"vc_clearfix\"><\/div><\/div><div class=\"vc_grid-item vc_clearfix vc_col-sm-6 vc_grid-item-zone-c-bottom\"><div class=\"vc_grid-item-mini vc_clearfix \"><div class=\"vc_gitem-animated-block\" ><div class=\"vc_gitem-zone vc_gitem-zone-a vc-gitem-zone-height-mode-auto vc-gitem-zone-height-mode-auto-1-1 vc_gitem-is-link\" style=\"background-image: url('https:\/\/www.2ra.pt\/wp-content\/uploads\/2025\/03\/vendida-2-1024x682.jpg') !important;\"><a href=\"https:\/\/www.2ra.pt\/fr\/property\/moradia-304\/\" title=\"Moradia 304\" class=\"vc_gitem-link vc-zone-link\" ><\/a><img decoding=\"async\" class=\"vc_gitem-zone-img\" src=\"https:\/\/www.2ra.pt\/wp-content\/uploads\/2025\/03\/vendida-2-1024x682.jpg\" alt=\"Moradia 304\" loading=\"lazy\"><div class=\"vc_gitem-zone-mini\"><\/div><\/div><\/div><div class=\"vc_gitem-zone vc_gitem-zone-c vc_custom_1419240516480\"><div class=\"vc_gitem-zone-mini\"><div class=\"vc_gitem_row vc_row vc_gitem-row-position-top\"><div class=\"vc_col-sm-12 vc_gitem-col vc_gitem-col-align-\"><div class=\"vc_custom_heading vc_gitem-post-data vc_gitem-post-data-source-post_title\" ><h4 style=\"text-align: left\" >Moradia 304<\/h4><\/div><div class=\"vc_custom_heading vc_gitem-post-data vc_gitem-post-data-source-post_excerpt\" ><p style=\"text-align: left\" ><p>Esta elegante moradia unifamiliar T3+1, com 331m\u00b2 de \u00e1rea, distingue-se pela sua arquitetura moderna e pelos acabamentos de elevada qualidade. Os espa\u00e7os amplos e bem iluminados garantem um ambiente sofisticado e acolhedor, onde o design contempor\u00e2neo se alia ao conforto. A propriedade disp\u00f5e ainda de uma piscina interior, permitindo desfrutar de momentos de lazer durante [&hellip;]<\/p>\n<\/p><\/div><div class=\"vc_btn3-container vc_btn3-left\"><a class=\"vc_general vc_btn3 vc_btn3-size-md vc_btn3-shape-rounded vc_btn3-style-flat vc_btn3-color-juicy-pink\" a href=\"https:\/\/www.2ra.pt\/fr\/property\/moradia-304\/\" class=\"vc_gitem-link vc_general vc_btn3 vc_general vc_btn3 vc_btn3-size-md vc_btn3-shape-rounded vc_btn3-style-flat vc_btn3-color-juicy-pink\" title=\"Lire plus\">Lire plus<\/a><\/div><\/div><\/div><\/div><\/div><\/div><div class=\"vc_clearfix\"><\/div><\/div><div class=\"vc_grid-item vc_clearfix vc_col-sm-6 vc_grid-item-zone-c-bottom\"><div class=\"vc_grid-item-mini vc_clearfix \"><div class=\"vc_gitem-animated-block\" ><div class=\"vc_gitem-zone vc_gitem-zone-a vc-gitem-zone-height-mode-auto vc-gitem-zone-height-mode-auto-1-1 vc_gitem-is-link\" style=\"background-image: url('https:\/\/www.2ra.pt\/wp-content\/uploads\/2025\/03\/vendida-2-1024x682.jpg') !important;\"><a href=\"https:\/\/www.2ra.pt\/fr\/property\/moradia-294\/\" title=\"Moradia\u202f294\" class=\"vc_gitem-link vc-zone-link\" ><\/a><img decoding=\"async\" class=\"vc_gitem-zone-img\" src=\"https:\/\/www.2ra.pt\/wp-content\/uploads\/2025\/03\/vendida-2-1024x682.jpg\" alt=\"Moradia\u202f294\" loading=\"lazy\"><div class=\"vc_gitem-zone-mini\"><\/div><\/div><\/div><div class=\"vc_gitem-zone vc_gitem-zone-c vc_custom_1419240516480\"><div class=\"vc_gitem-zone-mini\"><div class=\"vc_gitem_row vc_row vc_gitem-row-position-top\"><div class=\"vc_col-sm-12 vc_gitem-col vc_gitem-col-align-\"><div class=\"vc_custom_heading vc_gitem-post-data vc_gitem-post-data-source-post_title\" ><h4 style=\"text-align: left\" >Moradia\u202f294<\/h4><\/div><div class=\"vc_custom_heading vc_gitem-post-data vc_gitem-post-data-source-post_excerpt\" ><p style=\"text-align: left\" ><p>Esta moradia unifamiliar T3+1, com 331\u202fm\u00b2 de \u00e1rea, foi projetada para oferecer sofistica\u00e7\u00e3o e funcionalidade em cada ambiente. Destaca\u2011se pela: Arquitetura moderna e linhas puras Espa\u00e7os amplos envidra\u00e7ados, que proporcionam luminosidade natural Acabamentos de qualidade superior, em perfeita harmonia com o design contempor\u00e2neo &nbsp; Lazer o Ano Todo Piscina coberta de luxo, ideal para relaxar [&hellip;]<\/p>\n<\/p><\/div><div class=\"vc_btn3-container vc_btn3-left\"><a class=\"vc_general vc_btn3 vc_btn3-size-md vc_btn3-shape-rounded vc_btn3-style-flat vc_btn3-color-juicy-pink\" a href=\"https:\/\/www.2ra.pt\/fr\/property\/moradia-294\/\" class=\"vc_gitem-link vc_general vc_btn3 vc_general vc_btn3 vc_btn3-size-md vc_btn3-shape-rounded vc_btn3-style-flat vc_btn3-color-juicy-pink\" title=\"Lire plus\">Lire plus<\/a><\/div><\/div><\/div><\/div><\/div><\/div><div class=\"vc_clearfix\"><\/div><\/div><\/div><\/div>\n\t<\/div>\n<\/div><\/div><\/div><\/div><\/div>\n<\/div>","protected":false},"excerpt":{"rendered":"Moradias em Santa Maria da Feira em fase de constru\u00e7\u00e3oReserve j\u00e1 a sua! Moradia MCR II&nbsp; Esta moradia contempor\u00e2nea situada em zona calma de Santa Maria da Feira, est\u00e1 em fase de constru\u00e7\u00e3o \u2014 voc\u00ea ainda pode escolher materiais, acabamentos e decora\u00e7\u00e3o. Garanta uma moradia nova feita \u00e0 sua medida, com a confian\u00e7a t\u00e9cnica da [...]","protected":false},"author":1,"featured_media":0,"parent":0,"menu_order":0,"comment_status":"closed","ping_status":"closed","template":"","meta":{"footnotes":""},"class_list":["post-13","page","type-page","status-publish","hentry"],"_links":{"self":[{"href":"https:\/\/www.2ra.pt\/fr\/wp-json\/wp\/v2\/pages\/13","targetHints":{"allow":["GET"]}}],"collection":[{"href":"https:\/\/www.2ra.pt\/fr\/wp-json\/wp\/v2\/pages"}],"about":[{"href":"https:\/\/www.2ra.pt\/fr\/wp-json\/wp\/v2\/types\/page"}],"author":[{"embeddable":true,"href":"https:\/\/www.2ra.pt\/fr\/wp-json\/wp\/v2\/users\/1"}],"replies":[{"embeddable":true,"href":"https:\/\/www.2ra.pt\/fr\/wp-json\/wp\/v2\/comments?post=13"}],"version-history":[{"count":29,"href":"https:\/\/www.2ra.pt\/fr\/wp-json\/wp\/v2\/pages\/13\/revisions"}],"predecessor-version":[{"id":1196,"href":"https:\/\/www.2ra.pt\/fr\/wp-json\/wp\/v2\/pages\/13\/revisions\/1196"}],"wp:attachment":[{"href":"https:\/\/www.2ra.pt\/fr\/wp-json\/wp\/v2\/media?parent=13"}],"curies":[{"name":"wp","href":"https:\/\/api.w.org\/{rel}","templated":true}]}}