{"id":17,"date":"2025-03-01T20:44:12","date_gmt":"2025-03-01T20:44:12","guid":{"rendered":"https:\/\/www.2ra.pt\/?page_id=17"},"modified":"2025-07-18T11:38:01","modified_gmt":"2025-07-18T11:38:01","slug":"sobre-nos","status":"publish","type":"page","link":"https:\/\/www.2ra.pt\/fr\/sobre-nos\/","title":{"rendered":"\u00c0 propos"},"content":{"rendered":"<div class=\"wpb-content-wrapper\"><section data-vc-full-width=\"true\" data-vc-full-width-temp=\"true\" data-vc-full-width-init=\"false\" data-vc-stretch-content=\"true\" class=\"vc_section\"><div class=\"vc_row wpb_row vc_row-fluid\"><div class=\"wpb_column vc_column_container vc_col-sm-12\"><div class=\"vc_column-inner\"><div class=\"wpb_wrapper\"><div class=\"vc_empty_space\"   style=\"height: 13px\"><span class=\"vc_empty_space_inner\"><\/span><\/div><\/div><\/div><\/div><\/div><div class=\"vc_row wpb_row vc_row-fluid\"><div class=\"wpb_column vc_column_container vc_col-sm-12\"><div class=\"vc_column-inner\"><div class=\"wpb_wrapper\"><div class=\"vc_empty_space\"   style=\"height: 32px\"><span class=\"vc_empty_space_inner\"><\/span><\/div><\/div><\/div><\/div><\/div><\/section><div class=\"vc_row-full-width vc_clearfix\"><\/div><section class=\"vc_section\"><div class=\"vc_row wpb_row vc_row-fluid\"><div class=\"wpb_column vc_column_container vc_col-sm-12\"><div class=\"vc_column-inner\"><div class=\"wpb_wrapper\"><h2 style=\"color: #BF9B30;text-align: left\" class=\"vc_custom_heading vc_do_custom_heading\" >L\u2019exp\u00e9rience de la construction, la vision de l\u2019innovation.<\/h2><\/div><\/div><\/div><\/div><div class=\"vc_row wpb_row vc_row-fluid\"><div class=\"wpb_column vc_column_container vc_col-sm-6\"><div class=\"vc_column-inner\"><div class=\"wpb_wrapper\">\n\t<div class=\"wpb_text_column wpb_content_element\" >\n\t\t<div class=\"wpb_wrapper\">\n\t\t\t<p style=\"text-align: justify;\">2RA est n\u00e9e de l\u2019exp\u00e9rience et de la vision d\u2019une \u00e9quipe familiale active depuis plus de 20 ans dans le secteur de la construction, \u00e0 travers l\u2019entreprise Around Glamour, avec des projets r\u00e9alis\u00e9s en France et au Portugal.<\/p>\n\n\t\t<\/div>\n\t<\/div>\n\n\t<div class=\"wpb_text_column wpb_content_element\" >\n\t\t<div class=\"wpb_wrapper\">\n\t\t\t<p><a href=\"https:\/\/aroundglamour.com\/\" target=\"_blank\" rel=\"noopener\"><strong>D\u00e9couvrez l\u2019histoire d\u2019Around Glamour.<\/strong><\/a><\/p>\n\n\t\t<\/div>\n\t<\/div>\n<\/div><\/div><\/div><div class=\"wpb_column vc_column_container vc_col-sm-6\"><div class=\"vc_column-inner\"><div class=\"wpb_wrapper\">\n\t<div class=\"wpb_text_column wpb_content_element\" >\n\t\t<div class=\"wpb_wrapper\">\n\t\t\t<p style=\"text-align: justify;\">Cette nouvelle \u00e9tape marque l\u2019arriv\u00e9e de la deuxi\u00e8me g\u00e9n\u00e9ration, qui a d\u00e9cid\u00e9 de cr\u00e9er une agence immobili\u00e8re \u00e0 Santa Maria da Feira, ax\u00e9e sur :<\/p>\n<p style=\"text-align: justify;\">\u2013 La commercialisation des biens construits par la marque<br \/>\n\u2013 L\u2019offre de nouveaux services en architecture, l\u00e9galisation et construction sur mesure<br \/>\n\u2013 L\u2019innovation dans la relation client et dans la pr\u00e9sentation des projets<\/p>\n\n\t\t<\/div>\n\t<\/div>\n\n\t<div class=\"wpb_text_column wpb_content_element\" >\n\t\t<div class=\"wpb_wrapper\">\n\t\t\t<p style=\"text-align: justify;\">Chez 2RA, nous allions l\u2019expertise de la construction \u00e0 un mod\u00e8le d\u2019affaires moderne, proche et efficace.<br \/>\nIci, qualit\u00e9, confiance et accompagnement sont toujours au rendez-vous.<\/p>\n\n\t\t<\/div>\n\t<\/div>\n<\/div><\/div><\/div><\/div><\/section>\n<\/div>","protected":false},"excerpt":{"rendered":"A experi\u00eancia de quem constr\u00f3i, a vis\u00e3o de quem inova. A 2RA nasce da experi\u00eancia e vis\u00e3o de uma equipa familiar ligada h\u00e1 mais de 20 anos ao setor da constru\u00e7\u00e3o atrav\u00e9s da empresa Around Glamour, com obras realizadas em Fran\u00e7a e Portugal. Conhe\u00e7a mais sobre a Around Glamour. Esta nova fase representa a segunda [...]","protected":false},"author":1,"featured_media":0,"parent":0,"menu_order":0,"comment_status":"closed","ping_status":"closed","template":"","meta":{"footnotes":""},"class_list":["post-17","page","type-page","status-publish","hentry"],"_links":{"self":[{"href":"https:\/\/www.2ra.pt\/fr\/wp-json\/wp\/v2\/pages\/17","targetHints":{"allow":["GET"]}}],"collection":[{"href":"https:\/\/www.2ra.pt\/fr\/wp-json\/wp\/v2\/pages"}],"about":[{"href":"https:\/\/www.2ra.pt\/fr\/wp-json\/wp\/v2\/types\/page"}],"author":[{"embeddable":true,"href":"https:\/\/www.2ra.pt\/fr\/wp-json\/wp\/v2\/users\/1"}],"replies":[{"embeddable":true,"href":"https:\/\/www.2ra.pt\/fr\/wp-json\/wp\/v2\/comments?post=17"}],"version-history":[{"count":51,"href":"https:\/\/www.2ra.pt\/fr\/wp-json\/wp\/v2\/pages\/17\/revisions"}],"predecessor-version":[{"id":1214,"href":"https:\/\/www.2ra.pt\/fr\/wp-json\/wp\/v2\/pages\/17\/revisions\/1214"}],"wp:attachment":[{"href":"https:\/\/www.2ra.pt\/fr\/wp-json\/wp\/v2\/media?parent=17"}],"curies":[{"name":"wp","href":"https:\/\/api.w.org\/{rel}","templated":true}]}}