{"id":988,"date":"2025-05-07T20:30:58","date_gmt":"2025-05-07T20:30:58","guid":{"rendered":"https:\/\/www.2ra.pt\/?page_id=988"},"modified":"2025-07-18T11:50:00","modified_gmt":"2025-07-18T11:50:00","slug":"chave-na-mao","status":"publish","type":"page","link":"https:\/\/www.2ra.pt\/fr\/chave-na-mao\/","title":{"rendered":"Cl\u00e9 en main"},"content":{"rendered":"<div class=\"wpb-content-wrapper\"><section data-vc-full-width=\"true\" data-vc-full-width-temp=\"true\" data-vc-full-width-init=\"false\" data-vc-stretch-content=\"true\" class=\"vc_section\"><div class=\"vc_row wpb_row vc_row-fluid\"><div class=\"wpb_column vc_column_container vc_col-sm-12\"><div class=\"vc_column-inner\"><div class=\"wpb_wrapper\"><div class=\"vc_empty_space\"   style=\"height: 13px\"><span class=\"vc_empty_space_inner\"><\/span><\/div><\/div><\/div><\/div><\/div><div class=\"vc_row wpb_row vc_row-fluid\"><div class=\"wpb_column vc_column_container vc_col-sm-12\"><div class=\"vc_column-inner\"><div class=\"wpb_wrapper\"><div class=\"vc_empty_space\"   style=\"height: 32px\"><span class=\"vc_empty_space_inner\"><\/span><\/div><\/div><\/div><\/div><\/div><\/section><div class=\"vc_row-full-width vc_clearfix\"><\/div><section class=\"vc_section\"><div class=\"vc_row wpb_row vc_row-fluid\"><div class=\"wpb_column vc_column_container vc_col-sm-12\"><div class=\"vc_column-inner\"><div class=\"wpb_wrapper\"><h2 style=\"color: #BF9B30;text-align: left\" class=\"vc_custom_heading vc_do_custom_heading\" >Construction cl\u00e9 en main : du terrain \u00e0 la maison pr\u00eate, en toute confiance.<\/h2>\n\t<div class=\"wpb_text_column wpb_content_element\" >\n\t\t<div class=\"wpb_wrapper\">\n\t\t\t\n\t\t<\/div>\n\t<\/div>\n<div class=\"vc_row wpb_row vc_inner vc_row-fluid\"><div class=\"wpb_column vc_column_container vc_col-sm-6\"><div class=\"vc_column-inner\"><div class=\"wpb_wrapper\">\n\t<div class=\"wpb_text_column wpb_content_element\" >\n\t\t<div class=\"wpb_wrapper\">\n\t\t\t<p data-start=\"326\" data-end=\"550\">Chez 2RA, votre maison est imagin\u00e9e par des professionnels de confiance et construite avec qualit\u00e9, transparence et engagement. Nous concr\u00e9tisons votre vision avec une attention minutieuse aux d\u00e9tails et une implication totale \u00e0 chaque \u00e9tape du processus.<\/p>\n<p data-start=\"552\" data-end=\"902\">Nous savons que construire une maison \u00e0 partir de z\u00e9ro peut \u00eatre un d\u00e9fi complexe, long et impr\u00e9visible. C\u2019est pourquoi nous avons d\u00e9velopp\u00e9 un service cl\u00e9 en main complet, con\u00e7u pour simplifier l\u2019ensemble du parcours \u2013 de l\u2019achat du terrain, au d\u00e9veloppement du projet architectural, en passant par les d\u00e9marches administratives, jusqu\u2019\u00e0 la construction et la livraison finale de la maison.<\/p>\n\n\t\t<\/div>\n\t<\/div>\n\n\t<div class=\"wpb_text_column wpb_content_element\" >\n\t\t<div class=\"wpb_wrapper\">\n\t\t\t<p style=\"text-align: justify;\">Construire une maison \u00e0 partir de z\u00e9ro peut \u00eatre un processus long, exigeant et plein d\u2019impr\u00e9vus. C\u2019est pourquoi nous avons d\u00e9velopp\u00e9 un service cl\u00e9 en main complet, qui vous accompagne depuis l\u2019achat du terrain, la conception architecturale, les d\u00e9marches l\u00e9gales, jusqu\u2019\u00e0 la livraison finale.<\/p>\n\n\t\t<\/div>\n\t<\/div>\n<\/div><\/div><\/div><div class=\"wpb_column vc_column_container vc_col-sm-6\"><div class=\"vc_column-inner\"><div class=\"wpb_wrapper\">\n\t<div class=\"wpb_text_column wpb_content_element\" >\n\t\t<div class=\"wpb_wrapper\">\n\t\t\t<p data-start=\"904\" data-end=\"1180\">Construire une maison \u00e0 partir de z\u00e9ro peut \u00eatre un processus long, exigeant et plein d\u2019impr\u00e9vus. C\u2019est pourquoi nous avons d\u00e9velopp\u00e9 un service cl\u00e9 en main complet, qui vous accompagne depuis l\u2019achat du terrain, la conception architecturale, les d\u00e9marches l\u00e9gales, jusqu\u2019\u00e0 la livraison finale.<\/p>\n<p data-start=\"1182\" data-end=\"1518\">Nous travaillons avec des \u00e9quipes hautement qualifi\u00e9es et des partenaires solides, garants de la rigueur technique et de l\u2019excellence qui nous d\u00e9finissent. Nous soulignons notamment notre collaboration avec Around Glamour, une entreprise de construction avec plus de 20 ans d\u2019exp\u00e9rience en France et au Portugal, reconnue pour sa fiabilit\u00e9 et la qualit\u00e9 de ses r\u00e9alisations.<\/p>\n<p data-start=\"1520\" data-end=\"1705\">Si vous recherchez un service de construction de maisons personnalis\u00e9es \u00e0 Santa Maria da Feira ou dans la r\u00e9gion, contactez-nous. Chez 2RA, nous transformons vos id\u00e9es en maisons o\u00f9 il fait bon vivre.<\/p>\n\n\t\t<\/div>\n\t<\/div>\n<\/div><\/div><\/div><\/div><\/div><\/div><\/div><\/div><\/section>\n<\/div>","protected":false},"excerpt":{"rendered":"Constru\u00e7\u00e3o chave na m\u00e3o: do terreno \u00e0 casa pronta, com confian\u00e7a. Na 2RA, a sua casa \u00e9 idealizada por profissionais de confian\u00e7a e constru\u00edda com qualidade, transpar\u00eancia e compromisso. Concretizamos a sua vis\u00e3o com aten\u00e7\u00e3o ao detalhe e total dedica\u00e7\u00e3o em cada fase do processo. Sabemos que construir uma casa de raiz pode ser um [...]","protected":false},"author":1,"featured_media":0,"parent":0,"menu_order":0,"comment_status":"closed","ping_status":"closed","template":"","meta":{"footnotes":""},"class_list":["post-988","page","type-page","status-publish","hentry"],"_links":{"self":[{"href":"https:\/\/www.2ra.pt\/fr\/wp-json\/wp\/v2\/pages\/988","targetHints":{"allow":["GET"]}}],"collection":[{"href":"https:\/\/www.2ra.pt\/fr\/wp-json\/wp\/v2\/pages"}],"about":[{"href":"https:\/\/www.2ra.pt\/fr\/wp-json\/wp\/v2\/types\/page"}],"author":[{"embeddable":true,"href":"https:\/\/www.2ra.pt\/fr\/wp-json\/wp\/v2\/users\/1"}],"replies":[{"embeddable":true,"href":"https:\/\/www.2ra.pt\/fr\/wp-json\/wp\/v2\/comments?post=988"}],"version-history":[{"count":15,"href":"https:\/\/www.2ra.pt\/fr\/wp-json\/wp\/v2\/pages\/988\/revisions"}],"predecessor-version":[{"id":1215,"href":"https:\/\/www.2ra.pt\/fr\/wp-json\/wp\/v2\/pages\/988\/revisions\/1215"}],"wp:attachment":[{"href":"https:\/\/www.2ra.pt\/fr\/wp-json\/wp\/v2\/media?parent=988"}],"curies":[{"name":"wp","href":"https:\/\/api.w.org\/{rel}","templated":true}]}}